{"id":3445,"date":"2024-08-12T14:37:14","date_gmt":"2024-08-12T12:37:14","guid":{"rendered":"https:\/\/sanktuariummrzyglod.pl\/?page_id=3445"},"modified":"2024-09-02T08:35:56","modified_gmt":"2024-09-02T06:35:56","slug":"ochrona-maloletnich","status":"publish","type":"page","link":"http:\/\/sanktuariummrzyglod.pl\/?page_id=3445","title":{"rendered":"Ochrona Ma\u0142oletnich"},"content":{"rendered":"\n<div class=\"wp-block-columns is-layout-flex wp-container-core-columns-is-layout-9d6595d7 wp-block-columns-is-layout-flex\">\n<div class=\"wp-block-column is-layout-flow wp-block-column-is-layout-flow\" style=\"flex-basis:66.66%\">\n<h3 class=\"wp-block-heading has-text-align-center\" style=\"font-style:italic;font-weight:700;text-transform:uppercase\">STWORZENIE I ZACHOWANIE BEZPIECZNEGO \u015aRODOWISKA W Parafii<\/h3>\n<\/div>\n\n\n\n<div class=\"wp-block-column is-layout-flow wp-block-column-is-layout-flow\" style=\"flex-basis:33.33%\">\n<h3 class=\"wp-block-heading has-medium-font-size\">Data:<\/h3>\n\n\n\n<p class=\"has-small-font-size\">12.08.2024<\/p>\n<\/div>\n<\/div>\n\n\n\n<div data-wp-interactive=\"core\/file\" class=\"wp-block-file aligncenter\"><object data-wp-bind--hidden=\"!state.hasPdfPreview\" hidden class=\"wp-block-file__embed\" data=\"https:\/\/sanktuariummrzyglod.pl\/wp-content\/uploads\/2024\/09\/Standarty-Ochrony-Dzieci-Parafia.pdf\" type=\"application\/pdf\" style=\"width:100%;height:600px\" aria-label=\"Osadzone z Standardy-Ochrony-Dzieci-Parafia.\"><\/object><a id=\"wp-block-file--media-50a893fc-3a42-4359-8a34-c913aa09da2f\" href=\"https:\/\/sanktuariummrzyglod.pl\/wp-content\/uploads\/2024\/09\/Standarty-Ochrony-Dzieci-Parafia.pdf\">Standardy-Ochrony-Dzieci-Parafia<\/a><a href=\"https:\/\/sanktuariummrzyglod.pl\/wp-content\/uploads\/2024\/09\/Standarty-Ochrony-Dzieci-Parafia.pdf\" class=\"wp-block-file__button wp-element-button\" download aria-describedby=\"wp-block-file--media-50a893fc-3a42-4359-8a34-c913aa09da2f\">Pobierz<\/a><\/div>\n\n\n\n<div data-wp-interactive=\"core\/file\" class=\"wp-block-file aligncenter\"><object data-wp-bind--hidden=\"!state.hasPdfPreview\" hidden class=\"wp-block-file__embed\" data=\"https:\/\/sanktuariummrzyglod.pl\/wp-content\/uploads\/2024\/08\/Wersja-skrocona-Standarty-Ochrony-Maloletnich-Parafia-2024.pdf\" type=\"application\/pdf\" style=\"width:100%;height:600px\" aria-label=\"Osadzone z Wersja-skrocona-Standardy-Ochrony-Maloletnich-Parafia-2024.\"><\/object><a id=\"wp-block-file--media-b0aa2bed-32c0-42c8-bfbc-855b087c0b56\" href=\"https:\/\/sanktuariummrzyglod.pl\/wp-content\/uploads\/2024\/08\/Wersja-skrocona-Standarty-Ochrony-Maloletnich-Parafia-2024.pdf\">Wersja-skrocona-Standardy-Ochrony-Maloletnich-Parafia-2024<\/a><a href=\"https:\/\/sanktuariummrzyglod.pl\/wp-content\/uploads\/2024\/08\/Wersja-skrocona-Standarty-Ochrony-Maloletnich-Parafia-2024.pdf\" class=\"wp-block-file__button wp-element-button\" download aria-describedby=\"wp-block-file--media-b0aa2bed-32c0-42c8-bfbc-855b087c0b56\">Pobierz<\/a><\/div>\n","protected":false},"excerpt":{"rendered":"<p>STWORZENIE I ZACHOWANIE BEZPIECZNEGO \u015aRODOWISKA W Parafii Data: 12.08.2024<\/p>\n","protected":false},"author":3,"featured_media":0,"parent":0,"menu_order":0,"comment_status":"closed","ping_status":"closed","template":"","meta":{"_acf_changed":false,"footnotes":""},"class_list":["post-3445","page","type-page","status-publish","hentry"],"acf":[],"yoast_head":"<!-- This site is optimized with the Yoast SEO plugin v26.3 - https:\/\/yoast.com\/wordpress\/plugins\/seo\/ -->\n<title>Ochrona Ma\u0142oletnich - Sanktuarium Matki Bo\u017cej Mrzyg\u0142odzkiej<\/title>\n<meta name=\"robots\" content=\"index, follow, max-snippet:-1, max-image-preview:large, max-video-preview:-1\" \/>\n<link rel=\"canonical\" href=\"http:\/\/sanktuariummrzyglod.pl\/?page_id=3445\" \/>\n<meta property=\"og:locale\" content=\"pl_PL\" \/>\n<meta property=\"og:type\" content=\"article\" \/>\n<meta property=\"og:title\" content=\"Ochrona Ma\u0142oletnich - Sanktuarium Matki Bo\u017cej Mrzyg\u0142odzkiej\" \/>\n<meta property=\"og:description\" content=\"STWORZENIE I ZACHOWANIE BEZPIECZNEGO \u015aRODOWISKA W Parafii Data: 12.08.2024\" \/>\n<meta property=\"og:url\" content=\"http:\/\/sanktuariummrzyglod.pl\/?page_id=3445\" \/>\n<meta property=\"og:site_name\" content=\"Sanktuarium Matki Bo\u017cej Mrzyg\u0142odzkiej\" \/>\n<meta property=\"article:modified_time\" content=\"2024-09-02T06:35:56+00:00\" \/>\n<meta name=\"twitter:card\" content=\"summary_large_image\" \/>\n<meta name=\"twitter:label1\" content=\"Szacowany czas czytania\" \/>\n\t<meta name=\"twitter:data1\" content=\"1 minuta\" \/>\n<script type=\"application\/ld+json\" class=\"yoast-schema-graph\">{\"@context\":\"https:\/\/schema.org\",\"@graph\":[{\"@type\":\"WebPage\",\"@id\":\"http:\/\/sanktuariummrzyglod.pl\/?page_id=3445\",\"url\":\"http:\/\/sanktuariummrzyglod.pl\/?page_id=3445\",\"name\":\"Ochrona Ma\u0142oletnich - Sanktuarium Matki Bo\u017cej Mrzyg\u0142odzkiej\",\"isPartOf\":{\"@id\":\"http:\/\/sanktuariummrzyglod.pl\/#website\"},\"datePublished\":\"2024-08-12T12:37:14+00:00\",\"dateModified\":\"2024-09-02T06:35:56+00:00\",\"breadcrumb\":{\"@id\":\"http:\/\/sanktuariummrzyglod.pl\/?page_id=3445#breadcrumb\"},\"inLanguage\":\"pl-PL\",\"potentialAction\":[{\"@type\":\"ReadAction\",\"target\":[\"http:\/\/sanktuariummrzyglod.pl\/?page_id=3445\"]}]},{\"@type\":\"BreadcrumbList\",\"@id\":\"http:\/\/sanktuariummrzyglod.pl\/?page_id=3445#breadcrumb\",\"itemListElement\":[{\"@type\":\"ListItem\",\"position\":1,\"name\":\"Strona g\u0142\u00f3wna\",\"item\":\"http:\/\/sanktuariummrzyglod.pl\/\"},{\"@type\":\"ListItem\",\"position\":2,\"name\":\"Ochrona Ma\u0142oletnich\"}]},{\"@type\":\"WebSite\",\"@id\":\"http:\/\/sanktuariummrzyglod.pl\/#website\",\"url\":\"http:\/\/sanktuariummrzyglod.pl\/\",\"name\":\"Sanktuarium Matki Bo\u017cej Mrzyg\u0142odzkiej\",\"description\":\"Kolejna witryna oparta na WordPressie\",\"potentialAction\":[{\"@type\":\"SearchAction\",\"target\":{\"@type\":\"EntryPoint\",\"urlTemplate\":\"http:\/\/sanktuariummrzyglod.pl\/?s={search_term_string}\"},\"query-input\":{\"@type\":\"PropertyValueSpecification\",\"valueRequired\":true,\"valueName\":\"search_term_string\"}}],\"inLanguage\":\"pl-PL\"}]}<\/script>\n<!-- \/ Yoast SEO plugin. -->","yoast_head_json":{"title":"Ochrona Ma\u0142oletnich - Sanktuarium Matki Bo\u017cej Mrzyg\u0142odzkiej","robots":{"index":"index","follow":"follow","max-snippet":"max-snippet:-1","max-image-preview":"max-image-preview:large","max-video-preview":"max-video-preview:-1"},"canonical":"http:\/\/sanktuariummrzyglod.pl\/?page_id=3445","og_locale":"pl_PL","og_type":"article","og_title":"Ochrona Ma\u0142oletnich - Sanktuarium Matki Bo\u017cej Mrzyg\u0142odzkiej","og_description":"STWORZENIE I ZACHOWANIE BEZPIECZNEGO \u015aRODOWISKA W Parafii Data: 12.08.2024","og_url":"http:\/\/sanktuariummrzyglod.pl\/?page_id=3445","og_site_name":"Sanktuarium Matki Bo\u017cej Mrzyg\u0142odzkiej","article_modified_time":"2024-09-02T06:35:56+00:00","twitter_card":"summary_large_image","twitter_misc":{"Szacowany czas czytania":"1 minuta"},"schema":{"@context":"https:\/\/schema.org","@graph":[{"@type":"WebPage","@id":"http:\/\/sanktuariummrzyglod.pl\/?page_id=3445","url":"http:\/\/sanktuariummrzyglod.pl\/?page_id=3445","name":"Ochrona Ma\u0142oletnich - Sanktuarium Matki Bo\u017cej Mrzyg\u0142odzkiej","isPartOf":{"@id":"http:\/\/sanktuariummrzyglod.pl\/#website"},"datePublished":"2024-08-12T12:37:14+00:00","dateModified":"2024-09-02T06:35:56+00:00","breadcrumb":{"@id":"http:\/\/sanktuariummrzyglod.pl\/?page_id=3445#breadcrumb"},"inLanguage":"pl-PL","potentialAction":[{"@type":"ReadAction","target":["http:\/\/sanktuariummrzyglod.pl\/?page_id=3445"]}]},{"@type":"BreadcrumbList","@id":"http:\/\/sanktuariummrzyglod.pl\/?page_id=3445#breadcrumb","itemListElement":[{"@type":"ListItem","position":1,"name":"Strona g\u0142\u00f3wna","item":"http:\/\/sanktuariummrzyglod.pl\/"},{"@type":"ListItem","position":2,"name":"Ochrona Ma\u0142oletnich"}]},{"@type":"WebSite","@id":"http:\/\/sanktuariummrzyglod.pl\/#website","url":"http:\/\/sanktuariummrzyglod.pl\/","name":"Sanktuarium Matki Bo\u017cej Mrzyg\u0142odzkiej","description":"Kolejna witryna oparta na WordPressie","potentialAction":[{"@type":"SearchAction","target":{"@type":"EntryPoint","urlTemplate":"http:\/\/sanktuariummrzyglod.pl\/?s={search_term_string}"},"query-input":{"@type":"PropertyValueSpecification","valueRequired":true,"valueName":"search_term_string"}}],"inLanguage":"pl-PL"}]}},"_links":{"self":[{"href":"http:\/\/sanktuariummrzyglod.pl\/index.php?rest_route=\/wp\/v2\/pages\/3445","targetHints":{"allow":["GET"]}}],"collection":[{"href":"http:\/\/sanktuariummrzyglod.pl\/index.php?rest_route=\/wp\/v2\/pages"}],"about":[{"href":"http:\/\/sanktuariummrzyglod.pl\/index.php?rest_route=\/wp\/v2\/types\/page"}],"author":[{"embeddable":true,"href":"http:\/\/sanktuariummrzyglod.pl\/index.php?rest_route=\/wp\/v2\/users\/3"}],"replies":[{"embeddable":true,"href":"http:\/\/sanktuariummrzyglod.pl\/index.php?rest_route=%2Fwp%2Fv2%2Fcomments&post=3445"}],"version-history":[{"count":1,"href":"http:\/\/sanktuariummrzyglod.pl\/index.php?rest_route=\/wp\/v2\/pages\/3445\/revisions"}],"predecessor-version":[{"id":3455,"href":"http:\/\/sanktuariummrzyglod.pl\/index.php?rest_route=\/wp\/v2\/pages\/3445\/revisions\/3455"}],"wp:attachment":[{"href":"http:\/\/sanktuariummrzyglod.pl\/index.php?rest_route=%2Fwp%2Fv2%2Fmedia&parent=3445"}],"curies":[{"name":"wp","href":"https:\/\/api.w.org\/{rel}","templated":true}]}}