{"id":73,"date":"2015-12-22T16:40:23","date_gmt":"2015-12-22T15:40:23","guid":{"rendered":"http:\/\/sanktuariummrzyglod.pl\/v2\/?page_id=73"},"modified":"2016-10-26T04:42:41","modified_gmt":"2016-10-26T02:42:41","slug":"nabozenstwa","status":"publish","type":"page","link":"http:\/\/sanktuariummrzyglod.pl\/?page_id=73","title":{"rendered":"Nabo\u017ce\u0144stwa"},"content":{"rendered":"<div class=\"block1\">\n<p><strong>W \u00a0niedziel\u0119 i \u015bwi\u0119ta ko\u015bcielne<\/strong><\/p>\n<p>8.00, 9.30, 11.30, 16.00<\/p>\n<p><strong>W dni powszednie<\/strong><\/p>\n<p>6.30 \u00a0i 17.30<\/p>\n<p><strong>W \u015bwi\u0119ta zniesione<\/strong><\/p>\n<p>9.30 \u00a0i 17.30<\/p>\n<p><strong>Nieustanna nowenna do Matki Bo\u017cej Mrzyg\u0142odzkiej<\/strong><\/p>\n<p>W ka\u017cd\u0105 \u015brod\u0119 o godz. 17.30<\/p>\n<p><strong>Nabo\u017ce\u0144stwa Majowe i Pa\u017adziernikowe<\/strong><\/p>\n<p>W niedziel\u0119 o godz. 16.45; w dni powszednie o godz. 18.00<\/p>\n<p><strong>Apel Maryjny<\/strong><\/p>\n<p>W ka\u017cde \u015bwi\u0119to Maryjne o godz. 21.00. Przewodniczy m\u0142odzie\u017c z Ruchu \u015awiat\u0142o- \u017bycie.<\/p>\n<p><strong>Pie\u015bni Maryjne<\/strong><\/p>\n<p>Przez ca\u0142y miesi\u0105c maj s\u0105 wygrywane \u00a0pie\u015bni Maryjne na tr\u0105bkach z wie\u017cy ko\u015bcielnej po nabo\u017ce\u0144stwie majowym.<\/p>\n<p><strong>Czuwanie pokutno-fatimskie<\/strong><\/p>\n<p>W pi\u0105tek przed I sobot\u0105 miesi\u0105ca czuwanie Pokutne.<\/p>\n<p>Program czuwania:<\/p>\n<p>17.30 \u00a0\u2013 Msza \u015bw. Wynagradzaj\u0105ca Niepokalanemu Sercu NMP<\/p>\n<p>18.30 Droga Krzy\u017cowa,<\/p>\n<p>19.00 . Modlitwa r\u00f3\u017ca\u0144cowa z udzia\u0142em \u017bywego R\u00f3\u017ca\u0144ca i innych wsp\u00f3lnot<\/p>\n<p>20.00 Apel i adoracja m\u0142odzie\u017cy oazowej,<\/p>\n<p>21.00 Czuwanie Rodzin i Nadzwyczajnych Szafarzy Naj\u015bwi\u0119tszego Sakramentu<\/p>\n<p><strong>\u00a0<\/strong><\/p>\n<p><strong>Okazja do spowiedzi<\/strong><\/p>\n<p>&nbsp;<\/p>\n<p>Przed i w czasie Mszy \u015bw.<\/p>\n<p>W pierwszy pi\u0105tek miesi\u0105ca od godz. 16.30,<\/p>\n<p>W czasie czuwania pokutnego od 17.30 do 22.00.<\/p>\n<p><strong>\u00a0<\/strong><\/p>\n<p><strong>Uroczysto\u015bci odpustowe: <\/strong><\/p>\n<ol>\n<li>Wniebowzi\u0119cie NMP &#8211; 15 sierpnia<\/li>\n<\/ol>\n<p>G\u0142\u00f3wna uroczysto\u015b\u0107 odpustowa \u2013 uroczysta suma o godz. 12.00 przy o\u0142tarzu polowym.<\/p>\n<ol start=\"2\">\n<li>Naj\u015bwi\u0119tszej Maryi Panny R\u00f3\u017ca\u0144cowej \u2013 I niedziela pa\u017adziernika<\/li>\n<\/ol>\n<p>Odpust Matki Bo\u017cej R\u00f3\u017ca\u0144cowej w pierwsz\u0105 niedziel\u0119 pa\u017adziernika wraz z procesj\u0105 r\u00f3\u017ca\u0144cow\u0105 do pi\u0119ciu o\u0142tarzy. Suma odpustowa o godz. 12.00.<\/p>\n<p><strong>\u00a0\u201eDni Mrzyg\u0142odzkie\u201d \u00a0&#8211; 15 &#8211; 22.sierpnia <\/strong><\/p>\n<p>W poszczeg\u00f3lne dni od 16 sierpnia do niedzieli o godz. 18.00 pielgrzymki kap\u0142an\u00f3w i wiernych z dekanat\u00f3w regionu myszkowsko-zawiercia\u0144skiego<\/p>\n<p><strong>Rocznica Koronacji<\/strong><\/p>\n<p>W niedziel\u0119 po 15.VIII o godz. 16.00 Wielka procesja Maryjna z Obrazem Matki Bo\u017cej z placu koronacyjnego do Sanktuarium i Eucharystia pod przewodnictwem biskupa..<\/p>\n<p><strong>Przypomnienie<\/strong><\/p>\n<p>Przybycie pielgrzymki zg\u0142aszamy u kustosza. Ka\u017cda grupa po wcze\u015bniejszym uzgodnieniu mo\u017ce mie\u0107 opr\u00f3cz oprowadzenia po Sanktuarium Msz\u0119 \u015bw. Przy zg\u0142oszeniu mo\u017cna zam\u00f3wi\u0107 herbat\u0119 dla swojej grupy. Ka\u017cda grup\u0119 zach\u0119camy do odprawienia Drogi krzy\u017cowej na Kalwarii Jurajskiej.<\/p>\n<p><strong>Pami\u0119tajmy, \u017ce Sanktuarium to najpierw miejsce szczeg\u00f3lne spotkania z Bogiem a potem okazja do zwiedzania<\/strong><\/p>\n<p>Pami\u0105tki mo\u017cna naby\u0107 w sklepiku w domu pielgrzyma lub w zakrystii. W Sanktuarium jest mo\u017cliwo\u015b\u0107 zorganizowania rekolekcji czy dni skupienia dla r\u00f3\u017cnych wsp\u00f3lnot czy os\u00f3b indywidualnych. W nowo powsta\u0142ym domu pielgrzyma powi\u0119ksza si\u0119 baza noclegowa. Do dyspozycji: kaplica, sale konferencyjne, o\u0142tarz polowy, albo muszla koncertowa, oraz zaplecze sanitarne i rekreacyjno- sportowe (boisko, altanka z grillem, miejsce na ognisko).<\/p>\n<\/div>\n<div style=\"display:none;\">\nIT Certification Exam click:<br \/>\n<strong><a href=\"http:\/\/www.best4exam.com\/\">It certification exam<\/a><\/strong>&nbsp;&nbsp;|<br \/>\n<strong><a href=\"http:\/\/www.best4exam.com\/ccdp-catalog\">ccdp exam<\/a><\/strong>&nbsp;&nbsp;|<br \/>\n<strong><a href=\"http:\/\/www.best4exam.com\/ccie-catalog\">ccie exam<\/a><\/strong>&nbsp;&nbsp;|<br \/>\n<strong><a href=\"http:\/\/hhmccomilla.com\/?exam=300-070.html\">300-070<\/a><\/strong>&nbsp;&nbsp;|<br \/>\n<strong><a href=\"http:\/\/hhmccomilla.com\/?exam=300-075.html\">300-075<\/a><\/strong>&nbsp;&nbsp;|<br \/>\n<strong><a href=\"http:\/\/hhmccomilla.com\/?exam=400-101.html\">400-101<\/a><\/strong>&nbsp;&nbsp;|<br \/>\n<strong><a href=\"http:\/\/hhmccomilla.com\/?exam=352-001.html\">352-001<\/a><\/strong>&nbsp;&nbsp;|<br \/>\n<strong><a href=\"http:\/\/hhmccomilla.com\/?exam=400-051.html\">400-051<\/a><\/strong>&nbsp;&nbsp;|<br \/>\n<strong><a href=\"http:\/\/hhmccomilla.com\/?exam=300-320.html\">300-320<\/a><\/strong>&nbsp;&nbsp;|<br \/>\n<strong><a href=\"http:\/\/hhmccomilla.com\/?exam=1Z0-144.html\">1Z0-144<\/a><\/strong>&nbsp;&nbsp;|<br \/>\n<strong><a href=\"http:\/\/hhmccomilla.com\/?exam=000-106.html\">000-106<\/a><\/strong>&nbsp;&nbsp;|<br \/>\n<strong><a href=\"http:\/\/dhsibd.com\/?exam=300-206.html\">CCNP 300-206 question<\/a><\/strong>&nbsp;&nbsp;|<br \/>\n<strong><a href=\"http:\/\/dhsibd.com\/?exam=70-346.html\">Microsoft 70-346 question<\/a><\/strong>&nbsp;&nbsp;|<br \/>\n<strong><a href=\"http:\/\/dhsibd.com\/?exam=70-346.html\">Microsoft Office 70-346 question<\/a><\/strong>&nbsp;&nbsp;|<br \/>\n<strong><a href=\"http:\/\/dhsibd.com\/?exam=100-101.html\">Cisco 100-101 question<\/a><\/strong>&nbsp;&nbsp;|<br \/>\n<strong><a href=\"http:\/\/dhsibd.com\/?exam=100-101.html\">CCNA 100-101 question<\/a><\/strong>&nbsp;&nbsp;|<br \/>\n<strong><a href=\"http:\/\/dhsibd.com\/?exam=300-135.html\">Cisco 300-135 question<\/a><\/strong>&nbsp;&nbsp;|<br \/>\n<strong><a href=\"http:\/\/hhmccomilla.com\/?exam=600-455.html\">600-455<\/a><\/strong>&nbsp;&nbsp;|<br \/>\n<strong><a href=\"http:\/\/hhmccomilla.com\/?exam=MB5-705.html\">MB5-705<\/a><\/strong>&nbsp;&nbsp;|<br \/>\n<strong><a href=\"http:\/\/hhmccomilla.com\/?exam=70-483.html\">70-483<\/a><\/strong>&nbsp;&nbsp;|<br \/>\n<strong><a href=\"http:\/\/hhmccomilla.com\/?exam=70-413.html\">70-413<\/a><\/strong>&nbsp;&nbsp;|<br \/>\n<strong><a href=\"http:\/\/hhmccomilla.com\/?exam=70-532.html\">70-532<\/a><\/strong>&nbsp;&nbsp;|<br \/>\n<strong><a href=\"http:\/\/www.best4exam.com\/70-346.html\">70-346<\/a><\/strong>&nbsp;&nbsp;|<br \/>\n<strong><a href=\"http:\/\/www.best4exam.com\/100-101.html\">100-101<\/a><\/strong>&nbsp;&nbsp;|<br \/>\n<strong><a href=\"http:\/\/www.best4exam.com\/300-135.html\">300-135<\/a><\/strong>&nbsp;&nbsp;|<br \/>\n<strong><a href=\"http:\/\/www.best4exam.com\/350-060.html\">350-060<\/a><\/strong>&nbsp;&nbsp;|<br \/>\n<strong><a href=\"http:\/\/www.best4exam.com\/70-347.html\">70-347<\/a><\/strong>&nbsp;&nbsp;|<br \/>\n<strong><a href=\"http:\/\/www.best4exam.com\/400-101.html\">400-101<\/a><\/strong>&nbsp;&nbsp;|<br \/>\n<strong><a href=\"http:\/\/hhmccomilla.com\/?exam=300-070.html\">300-070<\/a><\/strong>&nbsp;&nbsp;|<br \/>\n<strong><a href=\"http:\/\/hhmccomilla.com\/?exam=300-075.html\">300-075<\/a><\/strong>&nbsp;&nbsp;|<br \/>\n<strong><a href=\"http:\/\/hhmccomilla.com\/?exam=400-101.html\">400-101<\/a><\/strong>&nbsp;&nbsp;|<br \/>\n<strong><a href=\"http:\/\/obor-kw.com\/?exam=1Z0-061.html\">1Z0-061<\/a><\/strong>&nbsp;&nbsp;|<br \/>\n<strong><a href=\"http:\/\/obor-kw.com\/?exam=9A0-385.html\">9A0-385<\/a><\/strong>&nbsp;&nbsp;|<br \/>\n<strong><a href=\"http:\/\/obor-kw.com\/?exam=70-411.html\">70-411<\/a><\/strong>&nbsp;&nbsp;|<br \/>\n<strong><a href=\"http:\/\/obor-kw.com\/?exam=220-901.html\">220-901<\/a><\/strong>&nbsp;&nbsp;|<br \/>\n<strong><a href=\"http:\/\/obor-kw.com\/?exam=700-037.html\">700-037<\/a><\/strong>&nbsp;&nbsp;|<br \/>\n<strong><a href=\"http:\/\/hhmccomilla.com\/?exam=352-001.html\">352-001<\/a><\/strong>&nbsp;&nbsp;|<br \/>\n<strong><a href=\"http:\/\/hhmccomilla.com\/?exam=400-051.html\">400-051<\/a><\/strong>&nbsp;&nbsp;|<br \/>\n<strong><a href=\"http:\/\/hhmccomilla.com\/?exam=210-260.html\">210-260<\/a><\/strong>&nbsp;&nbsp;|<br \/>\n<strong><a href=\"http:\/\/paionia7.com\/?exam=70-270.html\">Microsoft 70-270 question<\/a><\/strong>&nbsp;&nbsp;|<br \/>\n<strong><a href=\"http:\/\/paionia7.com\/?exam=70-270.html\">MCSA2003 70-270 question<\/a><\/strong>&nbsp;&nbsp;|<br \/>\n<strong><a href=\"http:\/\/paionia7.com\/?exam=c2010-652.html\">IBM c2010-652 question<\/a><\/strong>&nbsp;&nbsp;|<br \/>\n<strong><a href=\"http:\/\/paionia7.com\/?exam=70-417.html\">Microsoft 70-417 question<\/a><\/strong>&nbsp;&nbsp;|<br \/>\n<strong><a href=\"http:\/\/paionia7.com\/?exam=70-417.html\">MCSA 70-417 question<\/a><\/strong>&nbsp;&nbsp;|<br \/>\n<strong><a href=\"http:\/\/paionia7.com\/?exam=810-403.html\">Cisco 810-403 question<\/a><\/strong>&nbsp;&nbsp;|<br \/>\n<strong><a href=\"http:\/\/www.investnation.org\/?exam=220-901.html\">220-901<\/a><\/strong>&nbsp;&nbsp;|<br \/>\n<strong><a href=\"http:\/\/www.investnation.org\/?exam=700-037.html\">700-037<\/a><\/strong>&nbsp;&nbsp;|<br \/>\n<strong><a href=\"http:\/\/www.investnation.org\/?exam=70-270.html\">70-270<\/a><\/strong>&nbsp;&nbsp;|<br \/>\n<strong><a href=\"http:\/\/www.investnation.org\/?exam=c2010-652.html\">c2010-652<\/a><\/strong>&nbsp;&nbsp;|<br \/>\n<strong><a href=\"http:\/\/www.investnation.org\/?exam=70-417.html\">70-417<\/a><\/strong>&nbsp;&nbsp;|<br \/>\n<strong><a href=\"http:\/\/www.investnation.org\/?exam=810-403.html\">810-403<\/a><\/strong>&nbsp;&nbsp;|<br \/>\n<strong><a href=\"http:\/\/www.investnation.org\/?exam=70-494.html\">70-494<\/a><\/strong>&nbsp;&nbsp;|<br \/>\n<strong><a href=\"http:\/\/amitausa.com\/?exam=642-732.html\">642-732<\/a><\/strong>&nbsp;&nbsp;|<br \/>\n<strong><a href=\"http:\/\/amitausa.com\/?exam=220-802.html\">220-802<\/a><\/strong>&nbsp;&nbsp;|<br \/>\n<strong><a href=\"http:\/\/amitausa.com\/?exam=350-018.html\">350-018<\/a><\/strong>&nbsp;&nbsp;|<br \/>\n<strong><a href=\"http:\/\/amitausa.com\/?exam=200-105.html\">200-105<\/a><\/strong>&nbsp;&nbsp;|<br \/>\n<strong><a href=\"http:\/\/amitausa.com\/?exam=1z0-808.html\">1z0-808<\/a><\/strong>&nbsp;&nbsp;|<br \/>\n<strong><a href=\"http:\/\/amitausa.com\/?exam=c2010-657.html\">c2010-657<\/a><\/strong>&nbsp;&nbsp;|<br \/>\n<strong><a href=\"http:\/\/amitausa.com\/?exam=70-466.html\">70-466<\/a><\/strong>&nbsp;&nbsp;|<br \/>\n<strong><a href=\"http:\/\/amitausa.com\/?exam=70-178.html\">70-178<\/a><\/strong>&nbsp;&nbsp;|<br \/>\n<strong><a href=\"http:\/\/www.greatdumps.com\/300-075.html\">300-075 questions<\/a><\/strong>&nbsp;&nbsp;|<br \/>\n<strong><a href=\"http:\/\/www.greatdumps.com\/300-070.html\">300-070 questions<\/a><\/strong>&nbsp;&nbsp;|<br \/>\n<strong><a href=\"http:\/\/www.greatdumps.com\/M70-101.html\">M70-101 questions<\/a><\/strong>&nbsp;&nbsp;|<br \/>\n<strong><a href=\"http:\/\/www.greatdumps.com\/M2090-732.html\">M2090-732 questions<\/a><\/strong>&nbsp;&nbsp;|<br \/>\n<strong><a href=\"http:\/\/www.systemsquared.com.au\/?exam=2V0-621.html\">2V0-621<\/a><\/strong>&nbsp;&nbsp;|<br \/>\n<strong><a href=\"http:\/\/www.systemsquared.com.au\/?exam=1z0-434.html\">1z0-434<\/a><\/strong>&nbsp;&nbsp;|<br \/>\n<strong><a href=\"http:\/\/www.systemsquared.com.au\/?exam=000-104.html\">000-104<\/a><\/strong>&nbsp;&nbsp;|<br \/>\n<strong><a href=\"http:\/\/www.systemsquared.com.au\/?exam=1Z0-060.html\">1Z0-060<\/a><\/strong>&nbsp;&nbsp;|<br \/>\n<strong><a href=\"http:\/\/www.systemsquared.com.au\/?exam=70-488.html\">70-488<\/a><\/strong>&nbsp;&nbsp;|<br \/>\n<strong><a href=\"http:\/\/www.systemsquared.com.au\/?exam=74-343.html\">74-343<\/a><\/strong>&nbsp;&nbsp;|<br \/>\n<strong><a href=\"http:\/\/www.sansintelli.com\/?exam=350-080.html\">350-080<\/a><\/strong>&nbsp;&nbsp;|<br \/>\n<strong><a href=\"http:\/\/www.sansintelli.com\/?exam=210-260.html\">210-260<\/a><\/strong>&nbsp;&nbsp;|<br \/>\n<strong><a href=\"http:\/\/www.sansintelli.com\/?exam=000-080.html\">000-080<\/a><\/strong>&nbsp;&nbsp;|<br \/>\n<strong><a href=\"http:\/\/www.sansintelli.com\/?exam=642-999.html\">642-999<\/a><\/strong>&nbsp;&nbsp;|<br \/>\n<strong><a href=\"http:\/\/www.sansintelli.com\/?exam=500-260.html\">500-260<\/a><\/strong>&nbsp;&nbsp;|<br \/>\n<strong><a href=\"http:\/\/www.greenacreteam.com\/?exam=1Z0-803.html\">1Z0-803<\/a><\/strong>&nbsp;&nbsp;|<br \/>\n<strong><a href=\"http:\/\/www.greenacreteam.com\/?exam=400-051.html\">400-051<\/a><\/strong>&nbsp;&nbsp;|<br \/>\n<strong><a href=\"http:\/\/www.greenacreteam.com\/?exam=352-001.html\">352-001<\/a><\/strong>&nbsp;&nbsp;|<br \/>\n<strong><a href=\"http:\/\/www.greenacreteam.com\/?exam=1Z0-051.html\">1Z0-051<\/a><\/strong>&nbsp;&nbsp;|<br \/>\n<strong><a href=\"http:\/\/www.greenacreteam.com\/?exam=350-050.html\">350-050<\/a><\/strong>&nbsp;&nbsp;|\n<\/div>\n","protected":false},"excerpt":{"rendered":"<p>W \u00a0niedziel\u0119 i \u015bwi\u0119ta ko\u015bcielne 8.00, 9.30, 11.30, 16.00 W dni powszednie 6.30 \u00a0i 17.30 W \u015bwi\u0119ta zniesione 9.30 \u00a0i 17.30 Nieustanna nowenna do Matki Bo\u017cej Mrzyg\u0142odzkiej W ka\u017cd\u0105 \u015brod\u0119 o godz. 17.30 Nabo\u017ce\u0144stwa Majowe i Pa\u017adziernikowe W niedziel\u0119 o godz. 16.45; w dni powszednie o godz. 18.00 Apel Maryjny W ka\u017cde \u015bwi\u0119to Maryjne o [&hellip;]<\/p>\n","protected":false},"author":1,"featured_media":0,"parent":0,"menu_order":0,"comment_status":"closed","ping_status":"closed","template":"","meta":{"_acf_changed":false,"footnotes":""},"class_list":["post-73","page","type-page","status-publish","hentry"],"acf":[],"yoast_head":"<!-- This site is optimized with the Yoast SEO plugin v26.3 - https:\/\/yoast.com\/wordpress\/plugins\/seo\/ -->\n<title>Nabo\u017ce\u0144stwa - Sanktuarium Matki Bo\u017cej Mrzyg\u0142odzkiej<\/title>\n<meta name=\"robots\" content=\"index, follow, max-snippet:-1, max-image-preview:large, max-video-preview:-1\" \/>\n<link rel=\"canonical\" href=\"http:\/\/sanktuariummrzyglod.pl\/?page_id=73\" \/>\n<meta property=\"og:locale\" content=\"pl_PL\" \/>\n<meta property=\"og:type\" content=\"article\" \/>\n<meta property=\"og:title\" content=\"Nabo\u017ce\u0144stwa - Sanktuarium Matki Bo\u017cej Mrzyg\u0142odzkiej\" \/>\n<meta property=\"og:description\" content=\"W \u00a0niedziel\u0119 i \u015bwi\u0119ta ko\u015bcielne 8.00, 9.30, 11.30, 16.00 W dni powszednie 6.30 \u00a0i 17.30 W \u015bwi\u0119ta zniesione 9.30 \u00a0i 17.30 Nieustanna nowenna do Matki Bo\u017cej Mrzyg\u0142odzkiej W ka\u017cd\u0105 \u015brod\u0119 o godz. 17.30 Nabo\u017ce\u0144stwa Majowe i Pa\u017adziernikowe W niedziel\u0119 o godz. 16.45; w dni powszednie o godz. 18.00 Apel Maryjny W ka\u017cde \u015bwi\u0119to Maryjne o [&hellip;]\" \/>\n<meta property=\"og:url\" content=\"http:\/\/sanktuariummrzyglod.pl\/?page_id=73\" \/>\n<meta property=\"og:site_name\" content=\"Sanktuarium Matki Bo\u017cej Mrzyg\u0142odzkiej\" \/>\n<meta property=\"article:modified_time\" content=\"2016-10-26T02:42:41+00:00\" \/>\n<meta name=\"twitter:card\" content=\"summary_large_image\" \/>\n<meta name=\"twitter:label1\" content=\"Szacowany czas czytania\" \/>\n\t<meta name=\"twitter:data1\" content=\"4 minuty\" \/>\n<script type=\"application\/ld+json\" class=\"yoast-schema-graph\">{\"@context\":\"https:\/\/schema.org\",\"@graph\":[{\"@type\":\"WebPage\",\"@id\":\"http:\/\/sanktuariummrzyglod.pl\/?page_id=73\",\"url\":\"http:\/\/sanktuariummrzyglod.pl\/?page_id=73\",\"name\":\"Nabo\u017ce\u0144stwa - Sanktuarium Matki Bo\u017cej Mrzyg\u0142odzkiej\",\"isPartOf\":{\"@id\":\"http:\/\/sanktuariummrzyglod.pl\/#website\"},\"datePublished\":\"2015-12-22T15:40:23+00:00\",\"dateModified\":\"2016-10-26T02:42:41+00:00\",\"breadcrumb\":{\"@id\":\"http:\/\/sanktuariummrzyglod.pl\/?page_id=73#breadcrumb\"},\"inLanguage\":\"pl-PL\",\"potentialAction\":[{\"@type\":\"ReadAction\",\"target\":[\"http:\/\/sanktuariummrzyglod.pl\/?page_id=73\"]}]},{\"@type\":\"BreadcrumbList\",\"@id\":\"http:\/\/sanktuariummrzyglod.pl\/?page_id=73#breadcrumb\",\"itemListElement\":[{\"@type\":\"ListItem\",\"position\":1,\"name\":\"Strona g\u0142\u00f3wna\",\"item\":\"http:\/\/sanktuariummrzyglod.pl\/\"},{\"@type\":\"ListItem\",\"position\":2,\"name\":\"Nabo\u017ce\u0144stwa\"}]},{\"@type\":\"WebSite\",\"@id\":\"http:\/\/sanktuariummrzyglod.pl\/#website\",\"url\":\"http:\/\/sanktuariummrzyglod.pl\/\",\"name\":\"Sanktuarium Matki Bo\u017cej Mrzyg\u0142odzkiej\",\"description\":\"Kolejna witryna oparta na WordPressie\",\"potentialAction\":[{\"@type\":\"SearchAction\",\"target\":{\"@type\":\"EntryPoint\",\"urlTemplate\":\"http:\/\/sanktuariummrzyglod.pl\/?s={search_term_string}\"},\"query-input\":{\"@type\":\"PropertyValueSpecification\",\"valueRequired\":true,\"valueName\":\"search_term_string\"}}],\"inLanguage\":\"pl-PL\"}]}<\/script>\n<!-- \/ Yoast SEO plugin. -->","yoast_head_json":{"title":"Nabo\u017ce\u0144stwa - Sanktuarium Matki Bo\u017cej Mrzyg\u0142odzkiej","robots":{"index":"index","follow":"follow","max-snippet":"max-snippet:-1","max-image-preview":"max-image-preview:large","max-video-preview":"max-video-preview:-1"},"canonical":"http:\/\/sanktuariummrzyglod.pl\/?page_id=73","og_locale":"pl_PL","og_type":"article","og_title":"Nabo\u017ce\u0144stwa - Sanktuarium Matki Bo\u017cej Mrzyg\u0142odzkiej","og_description":"W \u00a0niedziel\u0119 i \u015bwi\u0119ta ko\u015bcielne 8.00, 9.30, 11.30, 16.00 W dni powszednie 6.30 \u00a0i 17.30 W \u015bwi\u0119ta zniesione 9.30 \u00a0i 17.30 Nieustanna nowenna do Matki Bo\u017cej Mrzyg\u0142odzkiej W ka\u017cd\u0105 \u015brod\u0119 o godz. 17.30 Nabo\u017ce\u0144stwa Majowe i Pa\u017adziernikowe W niedziel\u0119 o godz. 16.45; w dni powszednie o godz. 18.00 Apel Maryjny W ka\u017cde \u015bwi\u0119to Maryjne o [&hellip;]","og_url":"http:\/\/sanktuariummrzyglod.pl\/?page_id=73","og_site_name":"Sanktuarium Matki Bo\u017cej Mrzyg\u0142odzkiej","article_modified_time":"2016-10-26T02:42:41+00:00","twitter_card":"summary_large_image","twitter_misc":{"Szacowany czas czytania":"4 minuty"},"schema":{"@context":"https:\/\/schema.org","@graph":[{"@type":"WebPage","@id":"http:\/\/sanktuariummrzyglod.pl\/?page_id=73","url":"http:\/\/sanktuariummrzyglod.pl\/?page_id=73","name":"Nabo\u017ce\u0144stwa - Sanktuarium Matki Bo\u017cej Mrzyg\u0142odzkiej","isPartOf":{"@id":"http:\/\/sanktuariummrzyglod.pl\/#website"},"datePublished":"2015-12-22T15:40:23+00:00","dateModified":"2016-10-26T02:42:41+00:00","breadcrumb":{"@id":"http:\/\/sanktuariummrzyglod.pl\/?page_id=73#breadcrumb"},"inLanguage":"pl-PL","potentialAction":[{"@type":"ReadAction","target":["http:\/\/sanktuariummrzyglod.pl\/?page_id=73"]}]},{"@type":"BreadcrumbList","@id":"http:\/\/sanktuariummrzyglod.pl\/?page_id=73#breadcrumb","itemListElement":[{"@type":"ListItem","position":1,"name":"Strona g\u0142\u00f3wna","item":"http:\/\/sanktuariummrzyglod.pl\/"},{"@type":"ListItem","position":2,"name":"Nabo\u017ce\u0144stwa"}]},{"@type":"WebSite","@id":"http:\/\/sanktuariummrzyglod.pl\/#website","url":"http:\/\/sanktuariummrzyglod.pl\/","name":"Sanktuarium Matki Bo\u017cej Mrzyg\u0142odzkiej","description":"Kolejna witryna oparta na WordPressie","potentialAction":[{"@type":"SearchAction","target":{"@type":"EntryPoint","urlTemplate":"http:\/\/sanktuariummrzyglod.pl\/?s={search_term_string}"},"query-input":{"@type":"PropertyValueSpecification","valueRequired":true,"valueName":"search_term_string"}}],"inLanguage":"pl-PL"}]}},"_links":{"self":[{"href":"http:\/\/sanktuariummrzyglod.pl\/index.php?rest_route=\/wp\/v2\/pages\/73","targetHints":{"allow":["GET"]}}],"collection":[{"href":"http:\/\/sanktuariummrzyglod.pl\/index.php?rest_route=\/wp\/v2\/pages"}],"about":[{"href":"http:\/\/sanktuariummrzyglod.pl\/index.php?rest_route=\/wp\/v2\/types\/page"}],"author":[{"embeddable":true,"href":"http:\/\/sanktuariummrzyglod.pl\/index.php?rest_route=\/wp\/v2\/users\/1"}],"replies":[{"embeddable":true,"href":"http:\/\/sanktuariummrzyglod.pl\/index.php?rest_route=%2Fwp%2Fv2%2Fcomments&post=73"}],"version-history":[{"count":5,"href":"http:\/\/sanktuariummrzyglod.pl\/index.php?rest_route=\/wp\/v2\/pages\/73\/revisions"}],"predecessor-version":[{"id":1219,"href":"http:\/\/sanktuariummrzyglod.pl\/index.php?rest_route=\/wp\/v2\/pages\/73\/revisions\/1219"}],"wp:attachment":[{"href":"http:\/\/sanktuariummrzyglod.pl\/index.php?rest_route=%2Fwp%2Fv2%2Fmedia&parent=73"}],"curies":[{"name":"wp","href":"https:\/\/api.w.org\/{rel}","templated":true}]}}